{"id":5156,"date":"2024-12-23T11:14:56","date_gmt":"2024-12-23T09:14:56","guid":{"rendered":"https:\/\/mastercourse.keshetei.org.il\/?page_id=5156"},"modified":"2025-09-09T03:32:44","modified_gmt":"2025-09-09T00:32:44","slug":"%d7%aa%d7%a8%d7%95%d7%9e%d7%95%d7%aa-%d7%a9%d7%95%d7%95%d7%99%d7%a5","status":"publish","type":"page","link":"https:\/\/www.keshetei.org.il\/he\/%d7%aa%d7%a8%d7%95%d7%9e%d7%95%d7%aa-%d7%a9%d7%95%d7%95%d7%99%d7%a5\/","title":{"rendered":"\u05ea\u05e8\u05d5\u05de\u05d5\u05ea \u05e9\u05d5\u05d5\u05d9\u05e5"},"content":{"rendered":"\t\t<div data-elementor-type=\"wp-page\" data-elementor-id=\"5156\" class=\"elementor elementor-5156 elementor-5432\" data-elementor-post-type=\"page\">\n\t\t\t\t<div class=\"elementor-element elementor-element-397d9c5 e-grid elementor-hidden-mobile e-con-boxed e-con e-parent\" data-id=\"397d9c5\" data-element_type=\"container\" data-settings=\"{&quot;background_background&quot;:&quot;classic&quot;}\">\n\t\t\t\t\t<div class=\"e-con-inner\">\n\t\t<div class=\"elementor-element elementor-element-82393ab e-con-full e-flex e-con e-child\" data-id=\"82393ab\" data-element_type=\"container\" data-settings=\"{&quot;background_background&quot;:&quot;classic&quot;}\">\n\t\t\t\t<div class=\"elementor-element elementor-element-ac8f0a2 elementor-widget elementor-widget-heading\" data-id=\"ac8f0a2\" data-element_type=\"widget\" data-widget_type=\"heading.default\">\n\t\t\t\t<div class=\"elementor-widget-container\">\n\t\t\t\t\t<h2 class=\"elementor-heading-title elementor-size-default\">\u05e9\u05d5\u05d5\u05d9\u05e5<\/h2>\t\t\t\t<\/div>\n\t\t\t\t<\/div>\n\t\t\t\t<div class=\"elementor-element elementor-element-7a93c0e elementor-widget elementor-widget-heading\" data-id=\"7a93c0e\" data-element_type=\"widget\" data-widget_type=\"heading.default\">\n\t\t\t\t<div class=\"elementor-widget-container\">\n\t\t\t\t\t<h2 class=\"elementor-heading-title elementor-size-default\">\u05ea\u05e8\u05d5\u05de\u05d5\u05ea<\/h2>\t\t\t\t<\/div>\n\t\t\t\t<\/div>\n\t\t\t\t<\/div>\n\t\t\t\t\t<\/div>\n\t\t\t\t<\/div>\n\t\t<div class=\"elementor-element elementor-element-bea309f e-flex e-con-boxed e-con e-parent\" data-id=\"bea309f\" data-element_type=\"container\">\n\t\t\t\t\t<div class=\"e-con-inner\">\n\t\t<div class=\"elementor-element elementor-element-d9f63d6 e-con-full e-flex e-con e-child\" data-id=\"d9f63d6\" data-element_type=\"container\">\n\t\t\t\t<div class=\"elementor-element elementor-element-0fd478d elementor-widget elementor-widget-heading\" data-id=\"0fd478d\" data-element_type=\"widget\" data-widget_type=\"heading.default\">\n\t\t\t\t<div class=\"elementor-widget-container\">\n\t\t\t\t\t<h2 class=\"elementor-heading-title elementor-size-default\">\u05e9\u05d5\u05d5\u05d9\u05e5\u200b<\/h2>\t\t\t\t<\/div>\n\t\t\t\t<\/div>\n\t\t\t\t<\/div>\n\t\t<div class=\"elementor-element elementor-element-15732d8 e-con-full e-flex e-con e-child\" data-id=\"15732d8\" data-element_type=\"container\">\n\t\t\t\t<div class=\"elementor-element elementor-element-917dc11 elementor-widget elementor-widget-text-editor\" data-id=\"917dc11\" data-element_type=\"widget\" data-widget_type=\"text-editor.default\">\n\t\t\t\t<div class=\"elementor-widget-container\">\n\t\t\t\t\t\t\t\t\t<p><strong>\u05d4\u05e6\u05d4\u05e8\u05ea \u05de\u05e9\u05e8\u05d3 \u05d4\u05d0\u05d5\u05e6\u05e8 \u05d1\u05d6'\u05e0\u05d1\u05d4:\u00a0<\/strong><\/p>\t\t\t\t\t\t\t\t<\/div>\n\t\t\t\t<\/div>\n\t\t\t\t<div class=\"elementor-element elementor-element-9491202 elementor-widget elementor-widget-text-editor\" data-id=\"9491202\" data-element_type=\"widget\" data-widget_type=\"text-editor.default\">\n\t\t\t\t<div class=\"elementor-widget-container\">\n\t\t\t\t\t\t\t\t\t<p style=\"direction:ltr;\">R\u00e9publique et Canton de Gen\u00e8ve, D\u00e9partement des Finances, Le Conseiller d'Etat.<\/p>\n<p style=\"direction:ltr;\">In application to Article 9, line 1, letter f, of the taxation law for legal entities of September 23, 1994, the association called Association des Amis Suisses de Keshet Eilon Music Centre \u2013 ASKEM\nis exempt for the fiscal year 2007 and for the next 10 years, of taxation on profit and capital as mentioned in this article.<\/p>\n<p style=\"direction:ltr;\">Tax deductible confirmation letter from Switzerland autorities<\/p>\n\n\t\t\t\t\t\t\t\t<\/div>\n\t\t\t\t<\/div>\n\t\t\t\t<div class=\"elementor-element elementor-element-01ce301 elementor-widget elementor-widget-text-editor\" data-id=\"01ce301\" data-element_type=\"widget\" data-widget_type=\"text-editor.default\">\n\t\t\t\t<div class=\"elementor-widget-container\">\n\t\t\t\t\t\t\t\t\t<p><strong>\u05d4\u05db\u05ea\u05d5\u05d1\u05ea:\u00a0<\/strong><\/p>\t\t\t\t\t\t\t\t<\/div>\n\t\t\t\t<\/div>\n\t\t\t\t<div class=\"elementor-element elementor-element-3770249 elementor-widget elementor-widget-text-editor\" data-id=\"3770249\" data-element_type=\"widget\" data-widget_type=\"text-editor.default\">\n\t\t\t\t<div class=\"elementor-widget-container\">\n\t\t\t\t\t\t\t\t\t<p style=\"direction: ltr;\">AMIS SUISSES DE KESHET EILON MUSIC CENTER<br\/>ASKEM\n69 Rue du Rh\u00f4ne, 1207<\/br>Geneva, Switzerland<\/p>\t\t\t\t\t\t\t\t<\/div>\n\t\t\t\t<\/div>\n\t\t\t\t<\/div>\n\t\t\t\t\t<\/div>\n\t\t\t\t<\/div>\n\t\t<div class=\"elementor-element elementor-element-6354b44 e-flex e-con-boxed e-con e-parent\" data-id=\"6354b44\" data-element_type=\"container\" data-settings=\"{&quot;background_background&quot;:&quot;classic&quot;}\">\n\t\t\t\t\t<div class=\"e-con-inner\">\n\t\t\t\t<div class=\"elementor-element elementor-element-c55b78c elementor-widget-divider--view-line elementor-widget elementor-widget-divider\" data-id=\"c55b78c\" data-element_type=\"widget\" data-widget_type=\"divider.default\">\n\t\t\t\t<div class=\"elementor-widget-container\">\n\t\t\t\t\t\t\t<div class=\"elementor-divider\">\n\t\t\t<span class=\"elementor-divider-separator\">\n\t\t\t\t\t\t<\/span>\n\t\t<\/div>\n\t\t\t\t\t\t<\/div>\n\t\t\t\t<\/div>\n\t\t\t\t\t<\/div>\n\t\t\t\t<\/div>\n\t\t<div class=\"elementor-element elementor-element-de9739e e-flex e-con-boxed e-con e-parent\" data-id=\"de9739e\" data-element_type=\"container\">\n\t\t\t\t\t<div class=\"e-con-inner\">\n\t\t<div class=\"elementor-element elementor-element-d0697e4 e-con-full e-flex e-con e-child\" data-id=\"d0697e4\" data-element_type=\"container\">\n\t\t\t\t<div class=\"elementor-element elementor-element-3f50a26 elementor-widget elementor-widget-heading\" data-id=\"3f50a26\" data-element_type=\"widget\" data-widget_type=\"heading.default\">\n\t\t\t\t<div class=\"elementor-widget-container\">\n\t\t\t\t\t<h2 class=\"elementor-heading-title elementor-size-default\">\u05d4\u05e2\u05d1\u05e8\u05d4 \u05d1\u05e0\u05e7\u05d0\u05d9\u05ea<\/h2>\t\t\t\t<\/div>\n\t\t\t\t<\/div>\n\t\t\t\t<\/div>\n\t\t<div class=\"elementor-element elementor-element-c855ba4 e-con-full e-flex e-con e-child\" data-id=\"c855ba4\" data-element_type=\"container\">\n\t\t\t\t<div class=\"elementor-element elementor-element-879e80e elementor-widget elementor-widget-text-editor\" data-id=\"879e80e\" data-element_type=\"widget\" data-widget_type=\"text-editor.default\">\n\t\t\t\t<div class=\"elementor-widget-container\">\n\t\t\t\t\t\t\t\t\t<p><strong>\u05d1\u05e0\u05e7: <\/strong><\/p><p>PostFinance<\/p><p><strong>\u05e9\u05dd \u05d4\u05d7\u05e9\u05d1\u05d5\u05df: <\/strong><\/p><p>Keshet Eilon Music Center (ASKEM)<\/p><p><strong>\u05de\u05e1\u05e4\u05e8 \u05d7\u05e9\u05d1\u05d5\u05df:<\/strong><\/p><p>10-799356-9<\/p><p><strong>\u05de\u05e1\u05e4\u05e8 \u05d6\u05d4&quot;\u05d1:<\/strong><\/p><p>IBAN \u2013 CH04 0900 0000 1079 9356 9<\/p>\t\t\t\t\t\t\t\t<\/div>\n\t\t\t\t<\/div>\n\t\t\t\t<\/div>\n\t\t\t\t\t<\/div>\n\t\t\t\t<\/div>\n\t\t<div class=\"elementor-element elementor-element-b6aa216 e-flex e-con-boxed e-con e-parent\" data-id=\"b6aa216\" data-element_type=\"container\" data-settings=\"{&quot;background_background&quot;:&quot;classic&quot;}\">\n\t\t\t\t\t<div class=\"e-con-inner\">\n\t\t\t\t<div class=\"elementor-element elementor-element-6c73443 elementor-widget-divider--view-line elementor-widget elementor-widget-divider\" data-id=\"6c73443\" data-element_type=\"widget\" data-widget_type=\"divider.default\">\n\t\t\t\t<div class=\"elementor-widget-container\">\n\t\t\t\t\t\t\t<div class=\"elementor-divider\">\n\t\t\t<span class=\"elementor-divider-separator\">\n\t\t\t\t\t\t<\/span>\n\t\t<\/div>\n\t\t\t\t\t\t<\/div>\n\t\t\t\t<\/div>\n\t\t\t\t\t<\/div>\n\t\t\t\t<\/div>\n\t\t<div class=\"elementor-element elementor-element-2ae4c66 e-flex e-con-boxed e-con e-parent\" data-id=\"2ae4c66\" data-element_type=\"container\">\n\t\t\t\t\t<div class=\"e-con-inner\">\n\t\t<div class=\"elementor-element elementor-element-6b06013 e-con-full e-flex e-con e-child\" data-id=\"6b06013\" data-element_type=\"container\">\n\t\t\t\t<div class=\"elementor-element elementor-element-02b7268 elementor-widget elementor-widget-heading\" data-id=\"02b7268\" data-element_type=\"widget\" data-widget_type=\"heading.default\">\n\t\t\t\t<div class=\"elementor-widget-container\">\n\t\t\t\t\t<div class=\"elementor-heading-title elementor-size-default\"><a href=\"mailto:lmaetzener@gmail.com\">\u05dc\u05de\u05d9\u05d3\u05e2 \u05e0\u05d5\u05e1\u05e3 \u05e0\u05d0 \u05dc\u05d9\u05e6\u05d5\u05e8 \u05e7\u05e9\u05e8 \u05d1\u05d0\u05d9\u05de\u05d9\u05d9\u05dc \u00a0<a href=\"mailto:lmaetzener@gmail.com\">lmaetzener@gmail.com<\/a><\/a><\/div>\t\t\t\t<\/div>\n\t\t\t\t<\/div>\n\t\t\t\t<\/div>\n\t\t\t\t\t<\/div>\n\t\t\t\t<\/div>\n\t\t\t\t<\/div>\n\t\t","protected":false},"excerpt":{"rendered":"<p>\u05e9\u05d5\u05d5\u05d9\u05e5 \u05ea\u05e8\u05d5\u05de\u05d5\u05ea \u05e9\u05d5\u05d5\u05d9\u05e5\u200b \u05d4\u05e6\u05d4\u05e8\u05ea \u05de\u05e9\u05e8\u05d3 \u05d4\u05d0\u05d5\u05e6\u05e8 \u05d1\u05d6'\u05e0\u05d1\u05d4:\u00a0 R\u00e9publique et Canton de Gen\u00e8ve, D\u00e9partement des Finances, Le Conseiller d'Etat. In application to Article 9, line 1, letter f, of the taxation [&hellip;]<\/p>\n","protected":false},"author":2,"featured_media":0,"parent":0,"menu_order":0,"comment_status":"closed","ping_status":"closed","template":"","meta":{"_acf_changed":false,"footnotes":""},"class_list":["post-5156","page","type-page","status-publish","hentry"],"acf":[],"_links":{"self":[{"href":"https:\/\/www.keshetei.org.il\/he\/wp-json\/wp\/v2\/pages\/5156","targetHints":{"allow":["GET"]}}],"collection":[{"href":"https:\/\/www.keshetei.org.il\/he\/wp-json\/wp\/v2\/pages"}],"about":[{"href":"https:\/\/www.keshetei.org.il\/he\/wp-json\/wp\/v2\/types\/page"}],"author":[{"embeddable":true,"href":"https:\/\/www.keshetei.org.il\/he\/wp-json\/wp\/v2\/users\/2"}],"replies":[{"embeddable":true,"href":"https:\/\/www.keshetei.org.il\/he\/wp-json\/wp\/v2\/comments?post=5156"}],"version-history":[{"count":12,"href":"https:\/\/www.keshetei.org.il\/he\/wp-json\/wp\/v2\/pages\/5156\/revisions"}],"predecessor-version":[{"id":9250,"href":"https:\/\/www.keshetei.org.il\/he\/wp-json\/wp\/v2\/pages\/5156\/revisions\/9250"}],"wp:attachment":[{"href":"https:\/\/www.keshetei.org.il\/he\/wp-json\/wp\/v2\/media?parent=5156"}],"curies":[{"name":"wp","href":"https:\/\/api.w.org\/{rel}","templated":true}]}}